{"id":5463,"date":"2024-09-11T19:57:31","date_gmt":"2024-09-11T19:57:31","guid":{"rendered":"https:\/\/puets.ents.unam.mx\/?page_id=5463"},"modified":"2024-09-11T20:10:06","modified_gmt":"2024-09-11T20:10:06","slug":"bienvenida-2025-1","status":"publish","type":"page","link":"https:\/\/puets.ents.unam.mx\/?page_id=5463","title":{"rendered":"Bienvenida 2025-1"},"content":{"rendered":"\t\t<div data-elementor-type=\"wp-page\" data-elementor-id=\"5463\" class=\"elementor elementor-5463\">\n\t\t\t\t<div class=\"elementor-element elementor-element-36fa00c e-con-full e-flex wpr-particle-no wpr-jarallax-no wpr-parallax-no wpr-sticky-section-no e-con e-parent\" data-id=\"36fa00c\" data-element_type=\"container\" data-e-type=\"container\">\n\t\t<div class=\"elementor-element elementor-element-593f9e8 e-con-full e-flex wpr-particle-no wpr-jarallax-no wpr-parallax-no wpr-sticky-section-no e-con e-child\" data-id=\"593f9e8\" data-element_type=\"container\" data-e-type=\"container\">\n\t\t\t\t<div class=\"elementor-element elementor-element-03329c9 elementor-widget elementor-widget-text-editor\" data-id=\"03329c9\" data-element_type=\"widget\" data-e-type=\"widget\" data-widget_type=\"text-editor.default\">\n\t\t\t\t<div class=\"elementor-widget-container\">\n\t\t\t\t\t\t\t\t\t<h1 style=\"text-align: center;\"><strong><span class=\"wixui-rich-text__text\" style=\"color: #e3ab02;\">Galer\u00eda<br \/><\/span><\/strong><\/h1><h4 style=\"text-align: center;\"><span style=\"color: #0000ff;\"><strong><span class=\"wixui-rich-text__text\">Ciclo de intercambio y retroalimentaci\u00f3n 2025-1<br \/><\/span><\/strong><\/span><\/h4><p>El Programa \u00danico de Especializaciones en Trabajo Social (PUETS), llev\u00f3 a cabo la Bienvenida para el alumnado de nuevo ingreso Generaci\u00f3n 2025- 1, se cont\u00f3 con la presencia de la Mtra. Carmen G. Casas Ratia, directora de la ENTS, acompa\u00f1ada por la Mtra. Roxana Medina Guzm\u00e1n, coordinadora de Comunicaci\u00f3n Social y con la asistencia del profesorado, as\u00ed como el equipo administrativo del PUETS.<br \/><br \/>La Mtra. Luz Noemi M\u00e1rquez Navarro exhorto a los presentes al culminar sus estudios para la obtenci\u00f3n del grado de especialistas en los plazos establecidos para ello y a aprovechar al m\u00e1ximo la experiencia y conocimientos del profesorado. <br \/>La Dra. Monroy abord\u00f3 la importancia de la construcci\u00f3n del diagn\u00f3stico integral y el dise\u00f1o de las propuestas de modelos de intervenci\u00f3n, destacado la articulaci\u00f3n te\u00f3rico \u2013metodol\u00f3gica. <br \/><br \/>Asimismo, la egresada y Especialista Yoko Elizabeth Callejas Maceda, comparti\u00f3 con la audiencia su experiencia como egresada del PUETS, recalc\u00f3 la riqueza de la formaci\u00f3n multidisciplinaria del Programa para la construcci\u00f3n de los modelos de intervenci\u00f3n como una vasta posibilidad para la atenci\u00f3n de las diversas y complejas problem\u00e1ticas sociales.<br \/>Para finalizar el evento, se realiz\u00f3 una actividad para reflexionar sobre los \u201cLa Igualdad de G\u00e9nero\u201d, y el alumnado celebr\u00f3 su incorporaci\u00f3n al PUETS, al un\u00edsono del tradicional Goya.<\/p>\t\t\t\t\t\t\t\t<\/div>\n\t\t\t\t<\/div>\n\t\t\t\t<\/div>\n\t\t\t\t<\/div>\n\t\t<div class=\"elementor-element elementor-element-7531ed0 e-con-full e-flex wpr-particle-no wpr-jarallax-no wpr-parallax-no wpr-sticky-section-no e-con e-parent\" data-id=\"7531ed0\" data-element_type=\"container\" data-e-type=\"container\">\n\t\t\t\t<div class=\"elementor-element elementor-element-8f13f1a elementor-arrows-position-inside elementor-pagination-position-outside elementor-widget elementor-widget-image-carousel\" data-id=\"8f13f1a\" data-element_type=\"widget\" data-e-type=\"widget\" data-settings=\"{&quot;slides_to_show&quot;:&quot;1&quot;,&quot;navigation&quot;:&quot;both&quot;,&quot;autoplay&quot;:&quot;yes&quot;,&quot;pause_on_hover&quot;:&quot;yes&quot;,&quot;pause_on_interaction&quot;:&quot;yes&quot;,&quot;autoplay_speed&quot;:5000,&quot;infinite&quot;:&quot;yes&quot;,&quot;effect&quot;:&quot;slide&quot;,&quot;speed&quot;:500}\" data-widget_type=\"image-carousel.default\">\n\t\t\t\t<div class=\"elementor-widget-container\">\n\t\t\t\t\t\t\t<div class=\"elementor-image-carousel-wrapper swiper\" role=\"region\" aria-roledescription=\"carousel\" aria-label=\"Carrusel de Im\u00e1genes\" dir=\"ltr\">\n\t\t\t<div class=\"elementor-image-carousel swiper-wrapper swiper-image-stretch\" aria-live=\"off\">\n\t\t\t\t\t\t\t\t<div class=\"swiper-slide\" role=\"group\" aria-roledescription=\"slide\" aria-label=\"1 de 6\"><figure class=\"swiper-slide-inner\"><img decoding=\"async\" class=\"swiper-slide-image\" src=\"https:\/\/puets.ents.unam.mx\/wp-content\/uploads\/2024\/09\/1.jpg\" alt=\"1\" \/><\/figure><\/div><div class=\"swiper-slide\" role=\"group\" aria-roledescription=\"slide\" aria-label=\"2 de 6\"><figure class=\"swiper-slide-inner\"><img decoding=\"async\" class=\"swiper-slide-image\" src=\"https:\/\/puets.ents.unam.mx\/wp-content\/uploads\/2024\/09\/2.jpg\" alt=\"2\" \/><\/figure><\/div><div class=\"swiper-slide\" role=\"group\" aria-roledescription=\"slide\" aria-label=\"3 de 6\"><figure class=\"swiper-slide-inner\"><img decoding=\"async\" class=\"swiper-slide-image\" src=\"https:\/\/puets.ents.unam.mx\/wp-content\/uploads\/2024\/09\/3.jpg\" alt=\"3\" \/><\/figure><\/div><div class=\"swiper-slide\" role=\"group\" aria-roledescription=\"slide\" aria-label=\"4 de 6\"><figure class=\"swiper-slide-inner\"><img decoding=\"async\" class=\"swiper-slide-image\" src=\"https:\/\/puets.ents.unam.mx\/wp-content\/uploads\/2024\/09\/5.jpg\" alt=\"5\" \/><\/figure><\/div><div class=\"swiper-slide\" role=\"group\" aria-roledescription=\"slide\" aria-label=\"5 de 6\"><figure class=\"swiper-slide-inner\"><img decoding=\"async\" class=\"swiper-slide-image\" src=\"https:\/\/puets.ents.unam.mx\/wp-content\/uploads\/2024\/09\/6.jpg\" alt=\"6\" \/><\/figure><\/div><div class=\"swiper-slide\" role=\"group\" aria-roledescription=\"slide\" aria-label=\"6 de 6\"><figure class=\"swiper-slide-inner\"><img decoding=\"async\" class=\"swiper-slide-image\" src=\"https:\/\/puets.ents.unam.mx\/wp-content\/uploads\/2024\/09\/7.jpg\" alt=\"7\" \/><\/figure><\/div>\t\t\t<\/div>\n\t\t\t\t\t\t\t\t\t\t\t\t<div class=\"elementor-swiper-button elementor-swiper-button-prev\" role=\"button\" tabindex=\"0\">\n\t\t\t\t\t\t<svg aria-hidden=\"true\" class=\"e-font-icon-svg e-eicon-chevron-left\" viewBox=\"0 0 1000 1000\" xmlns=\"http:\/\/www.w3.org\/2000\/svg\"><path d=\"M646 125C629 125 613 133 604 142L308 442C296 454 292 471 292 487 292 504 296 521 308 533L604 854C617 867 629 875 646 875 663 875 679 871 692 858 704 846 713 829 713 812 713 796 708 779 692 767L438 487 692 225C700 217 708 204 708 187 708 171 704 154 692 142 675 129 663 125 646 125Z\"><\/path><\/svg>\t\t\t\t\t<\/div>\n\t\t\t\t\t<div class=\"elementor-swiper-button elementor-swiper-button-next\" role=\"button\" tabindex=\"0\">\n\t\t\t\t\t\t<svg aria-hidden=\"true\" class=\"e-font-icon-svg e-eicon-chevron-right\" viewBox=\"0 0 1000 1000\" xmlns=\"http:\/\/www.w3.org\/2000\/svg\"><path d=\"M696 533C708 521 713 504 713 487 713 471 708 454 696 446L400 146C388 133 375 125 354 125 338 125 325 129 313 142 300 154 292 171 292 187 292 204 296 221 308 233L563 492 304 771C292 783 288 800 288 817 288 833 296 850 308 863 321 871 338 875 354 875 371 875 388 867 400 854L696 533Z\"><\/path><\/svg>\t\t\t\t\t<\/div>\n\t\t\t\t\n\t\t\t\t\t\t\t\t\t<div class=\"swiper-pagination\"><\/div>\n\t\t\t\t\t\t\t\t\t<\/div>\n\t\t\t\t\t\t<\/div>\n\t\t\t\t<\/div>\n\t\t\t\t<\/div>\n\t\t\t\t<\/div>\n\t\t","protected":false},"excerpt":{"rendered":"<p>Galer\u00eda Ciclo de intercambio y retroalimentaci\u00f3n 2025-1 El Programa \u00danico de Especializaciones en Trabajo Social (PUETS), llev\u00f3 a cabo la Bienvenida para el alumnado de nuevo ingreso Generaci\u00f3n 2025- 1, se cont\u00f3 con la presencia de la Mtra. Carmen G. Casas Ratia, directora de la ENTS, acompa\u00f1ada por la Mtra. Roxana Medina Guzm\u00e1n, coordinadora de Comunicaci\u00f3n Social y con la asistencia del profesorado, as\u00ed como el equipo administrativo del PUETS. La Mtra. Luz Noemi M\u00e1rquez Navarro exhorto a los presentes al culminar sus estudios para la obtenci\u00f3n del grado de especialistas en los plazos establecidos para ello y a aprovechar al m\u00e1ximo la experiencia y conocimientos del profesorado. La Dra. Monroy abord\u00f3 la importancia de la construcci\u00f3n del diagn\u00f3stico integral y el dise\u00f1o de las propuestas de modelos de intervenci\u00f3n, destacado la articulaci\u00f3n te\u00f3rico \u2013metodol\u00f3gica. Asimismo, la egresada y Especialista Yoko Elizabeth Callejas Maceda, comparti\u00f3 con la audiencia su experiencia como egresada del PUETS, recalc\u00f3 la riqueza de la formaci\u00f3n multidisciplinaria del Programa para la construcci\u00f3n de los modelos de intervenci\u00f3n como una vasta posibilidad para la atenci\u00f3n de las diversas y complejas problem\u00e1ticas sociales.Para finalizar el evento, se realiz\u00f3 una actividad para reflexionar sobre los \u201cLa Igualdad de G\u00e9nero\u201d, y el alumnado celebr\u00f3 su incorporaci\u00f3n al PUETS, al un\u00edsono del tradicional Goya.<\/p>\n","protected":false},"author":1,"featured_media":0,"parent":0,"menu_order":0,"comment_status":"closed","ping_status":"closed","template":"","meta":{"_joinchat":[],"footnotes":""},"class_list":["post-5463","page","type-page","status-publish","hentry"],"_links":{"self":[{"href":"https:\/\/puets.ents.unam.mx\/index.php?rest_route=\/wp\/v2\/pages\/5463","targetHints":{"allow":["GET"]}}],"collection":[{"href":"https:\/\/puets.ents.unam.mx\/index.php?rest_route=\/wp\/v2\/pages"}],"about":[{"href":"https:\/\/puets.ents.unam.mx\/index.php?rest_route=\/wp\/v2\/types\/page"}],"author":[{"embeddable":true,"href":"https:\/\/puets.ents.unam.mx\/index.php?rest_route=\/wp\/v2\/users\/1"}],"replies":[{"embeddable":true,"href":"https:\/\/puets.ents.unam.mx\/index.php?rest_route=%2Fwp%2Fv2%2Fcomments&post=5463"}],"version-history":[{"count":5,"href":"https:\/\/puets.ents.unam.mx\/index.php?rest_route=\/wp\/v2\/pages\/5463\/revisions"}],"predecessor-version":[{"id":5469,"href":"https:\/\/puets.ents.unam.mx\/index.php?rest_route=\/wp\/v2\/pages\/5463\/revisions\/5469"}],"wp:attachment":[{"href":"https:\/\/puets.ents.unam.mx\/index.php?rest_route=%2Fwp%2Fv2%2Fmedia&parent=5463"}],"curies":[{"name":"wp","href":"https:\/\/api.w.org\/{rel}","templated":true}]}}