{"id":3208,"date":"2024-05-06T14:41:46","date_gmt":"2024-05-06T14:41:46","guid":{"rendered":"https:\/\/192.168.6.37\/wordpress\/?page_id=3208"},"modified":"2024-05-08T19:02:28","modified_gmt":"2024-05-08T19:02:28","slug":"procedimiento-6","status":"publish","type":"page","link":"https:\/\/puets.ents.unam.mx\/?page_id=3208","title":{"rendered":"Procedimiento 6"},"content":{"rendered":"\t\t<div data-elementor-type=\"wp-page\" data-elementor-id=\"3208\" class=\"elementor elementor-3208\">\n\t\t\t\t<div class=\"elementor-element elementor-element-f6c7d1c e-con-full e-flex wpr-particle-no wpr-jarallax-no wpr-parallax-no wpr-sticky-section-no e-con e-parent\" data-id=\"f6c7d1c\" data-element_type=\"container\" data-e-type=\"container\">\n\t\t<div class=\"elementor-element elementor-element-cf71ed8 e-con-full e-flex wpr-particle-no wpr-jarallax-no wpr-parallax-no wpr-sticky-section-no e-con e-child\" data-id=\"cf71ed8\" data-element_type=\"container\" data-e-type=\"container\">\n\t\t\t\t<div class=\"elementor-element elementor-element-b6803d5 elementor-widget elementor-widget-text-editor\" data-id=\"b6803d5\" data-element_type=\"widget\" data-e-type=\"widget\" data-widget_type=\"text-editor.default\">\n\t\t\t\t<div class=\"elementor-widget-container\">\n\t\t\t\t\t\t\t\t\t<h1 style=\"text-align: center;\"><strong><span class=\"wixui-rich-text__text\" style=\"color: #e3ab02;\">Tr\u00e1mites administrativos<\/span><\/strong><\/h1><h4 style=\"padding-left: 40px;\"><strong><span style=\"text-decoration: underline;\"><span style=\"color: #0000ff; text-decoration: underline;\"><img decoding=\"async\" class=\"wp-image-3102  alignleft\" src=\"https:\/\/puets.ents.unam.mx\/wp-content\/uploads\/2024\/05\/credencial.png\" alt=\"\" width=\"69\" height=\"95\" \/><br \/>Credencial de posgrado UNAM<br \/><\/span><\/span><\/strong><\/h4><p>\u00a0<\/p><p style=\"padding-left: 80px;\"><span style=\"color: #000000;\"><strong>RESELLO<\/strong><\/span><\/p><p style=\"padding-left: 80px;\"><span style=\"color: #000000;\"><strong><span class=\"wixui-rich-text__text\">Procedimiento:<\/span><\/strong><\/span><\/p><p class=\"font_8 wixui-rich-text__text\" style=\"padding-left: 120px;\"><span style=\"color: #000000;\"><span class=\"wixui-rich-text__text\"><strong>1.<\/strong>\u00a0<\/span><span class=\"wixui-rich-text__text\">Entregar la credencial para el resello en la Secci\u00f3n Acad\u00e9mica de Servicios Escolares, de lunes a viernes de 9:30 a 14:30 y de 17:30 a 20:00, ubicado en el primer piso del Edificio A, cub\u00edculo 1 de la Escuela Nacional de Trabajo Social.<\/span><\/span><\/p><p class=\"font_8 wixui-rich-text__text\" style=\"padding-left: 120px;\"><span style=\"color: #000000;\"><span class=\"wixui-rich-text__text\"><strong>2.<\/strong>\u00a0<\/span><span class=\"wixui-rich-text__text\">S\u00f3lo tendr\u00e1 derecho a este tr\u00e1mite el alumnado que se encuentre inscrito en el semestre vigente y que la credencial tenga fecha del a\u00f1o anterior.<\/span><\/span><\/p><p style=\"padding-left: 120px;\"><span style=\"color: #000000;\"><strong>3.<\/strong>\u00a0<span class=\"wixui-rich-text__text\">La credencial se env\u00eda a posgrado UNAM para realizar el resello.<\/span><\/span><\/p><p style=\"padding-left: 120px;\"><span style=\"color: #000000;\"><strong>4.<\/strong> <span class=\"wixui-rich-text__text\">Se notificar\u00e1 al alumnado el d\u00eda que puede pasar a recoger su credencia en la Secci\u00f3n Acad\u00e9mica de Servicios Escolares.<\/span><\/span><\/p><p>\u00a0<\/p><p style=\"padding-left: 80px;\"><span style=\"color: #000000;\"><strong>REPOSICI\u00d3N<\/strong><\/span><\/p><p style=\"padding-left: 80px;\"><span style=\"color: #000000;\"><strong><span class=\"wixui-rich-text__text\">Procedimiento:<\/span><\/strong><\/span><\/p><p class=\"font_8 wixui-rich-text__text\" style=\"padding-left: 120px;\"><span class=\"wixui-rich-text__text\" style=\"color: #000000;\"><strong><span class=\"color_15 wixui-rich-text__text\">1.<\/span><\/strong> Solicitar al departamento de servicios escolares la reposici\u00f3n de credencial por escrito.<\/span><\/p><p class=\"font_8 wixui-rich-text__text\" style=\"padding-left: 120px;\"><span class=\"wixui-rich-text__text\" style=\"color: #000000;\"><strong><span class=\"color_15 wixui-rich-text__text\">2. <\/span><\/strong>Llenar formato de reposici\u00f3n de credencial, que ser\u00e1 entregado en la secci\u00f3n acad\u00e9mica de servicios escolares.<\/span><\/p><p class=\"font_8 wixui-rich-text__text\" style=\"padding-left: 120px;\"><span class=\"wixui-rich-text__text\" style=\"color: #000000;\"><strong><span class=\"color_15 wixui-rich-text__text\">3. <\/span><\/strong>Traer fotograf\u00eda infantil a color<\/span><\/p><p class=\"font_8 wixui-rich-text__text\" style=\"padding-left: 120px;\"><span class=\"wixui-rich-text__text\" style=\"color: #000000;\"><strong><span class=\"color_15 wixui-rich-text__text\">4. <\/span><\/strong>La credencial ser\u00e1 entregada cuando el posgrado UNAM nos indique que esta lista, en la Secci\u00f3n Acad\u00e9mica de Servicios Escolares, ubicado en el primer piso del Edificio A, cub\u00edculo 1 de la Escuela Nacional de Trabajo Social.<\/span><\/p>\t\t\t\t\t\t\t\t<\/div>\n\t\t\t\t<\/div>\n\t\t\t\t<\/div>\n\t\t\t\t<\/div>\n\t\t\t\t<\/div>\n\t\t","protected":false},"excerpt":{"rendered":"<p>Tr\u00e1mites administrativos Credencial de posgrado UNAM \u00a0 RESELLO Procedimiento: 1.\u00a0Entregar la credencial para el resello en la Secci\u00f3n Acad\u00e9mica de Servicios Escolares, de lunes a viernes de 9:30 a 14:30 y de 17:30 a 20:00, ubicado en el primer piso del Edificio A, cub\u00edculo 1 de la Escuela Nacional de Trabajo Social. 2.\u00a0S\u00f3lo tendr\u00e1 derecho a este tr\u00e1mite el alumnado que se encuentre inscrito en el semestre vigente y que la credencial tenga fecha del a\u00f1o anterior. 3.\u00a0La credencial se env\u00eda a posgrado UNAM para realizar el resello. 4. Se notificar\u00e1 al alumnado el d\u00eda que puede pasar a recoger su credencia en la Secci\u00f3n Acad\u00e9mica de Servicios Escolares. \u00a0 REPOSICI\u00d3N Procedimiento: 1. Solicitar al departamento de servicios escolares la reposici\u00f3n de credencial por escrito. 2. Llenar formato de reposici\u00f3n de credencial, que ser\u00e1 entregado en la secci\u00f3n acad\u00e9mica de servicios escolares. 3. Traer fotograf\u00eda infantil a color 4. La credencial ser\u00e1 entregada cuando el posgrado UNAM nos indique que esta lista, en la Secci\u00f3n Acad\u00e9mica de Servicios Escolares, ubicado en el primer piso del Edificio A, cub\u00edculo 1 de la Escuela Nacional de Trabajo Social.<\/p>\n","protected":false},"author":1,"featured_media":0,"parent":0,"menu_order":0,"comment_status":"closed","ping_status":"closed","template":"","meta":{"_joinchat":[],"footnotes":""},"class_list":["post-3208","page","type-page","status-publish","hentry"],"_links":{"self":[{"href":"https:\/\/puets.ents.unam.mx\/index.php?rest_route=\/wp\/v2\/pages\/3208","targetHints":{"allow":["GET"]}}],"collection":[{"href":"https:\/\/puets.ents.unam.mx\/index.php?rest_route=\/wp\/v2\/pages"}],"about":[{"href":"https:\/\/puets.ents.unam.mx\/index.php?rest_route=\/wp\/v2\/types\/page"}],"author":[{"embeddable":true,"href":"https:\/\/puets.ents.unam.mx\/index.php?rest_route=\/wp\/v2\/users\/1"}],"replies":[{"embeddable":true,"href":"https:\/\/puets.ents.unam.mx\/index.php?rest_route=%2Fwp%2Fv2%2Fcomments&post=3208"}],"version-history":[{"count":8,"href":"https:\/\/puets.ents.unam.mx\/index.php?rest_route=\/wp\/v2\/pages\/3208\/revisions"}],"predecessor-version":[{"id":4136,"href":"https:\/\/puets.ents.unam.mx\/index.php?rest_route=\/wp\/v2\/pages\/3208\/revisions\/4136"}],"wp:attachment":[{"href":"https:\/\/puets.ents.unam.mx\/index.php?rest_route=%2Fwp%2Fv2%2Fmedia&parent=3208"}],"curies":[{"name":"wp","href":"https:\/\/api.w.org\/{rel}","templated":true}]}}