{"id":3181,"date":"2024-05-06T00:26:58","date_gmt":"2024-05-06T00:26:58","guid":{"rendered":"https:\/\/192.168.6.37\/wordpress\/?page_id=3181"},"modified":"2024-05-08T19:09:27","modified_gmt":"2024-05-08T19:09:27","slug":"procedimiento-4","status":"publish","type":"page","link":"https:\/\/puets.ents.unam.mx\/?page_id=3181","title":{"rendered":"Procedimiento 4"},"content":{"rendered":"\t\t<div data-elementor-type=\"wp-page\" data-elementor-id=\"3181\" class=\"elementor elementor-3181\">\n\t\t\t\t<div class=\"elementor-element elementor-element-3cc9919 e-con-full e-flex wpr-particle-no wpr-jarallax-no wpr-parallax-no wpr-sticky-section-no e-con e-parent\" data-id=\"3cc9919\" data-element_type=\"container\" data-e-type=\"container\">\n\t\t<div class=\"elementor-element elementor-element-dbed957 e-con-full e-flex wpr-particle-no wpr-jarallax-no wpr-parallax-no wpr-sticky-section-no e-con e-child\" data-id=\"dbed957\" data-element_type=\"container\" data-e-type=\"container\">\n\t\t\t\t<div class=\"elementor-element elementor-element-47eda39 elementor-widget elementor-widget-text-editor\" data-id=\"47eda39\" data-element_type=\"widget\" data-e-type=\"widget\" data-widget_type=\"text-editor.default\">\n\t\t\t\t<div class=\"elementor-widget-container\">\n\t\t\t\t\t\t\t\t\t<h1 style=\"text-align: center;\"><strong><span class=\"wixui-rich-text__text\" style=\"color: #e3ab02;\">Tr\u00e1mites administrativos<\/span><\/strong><\/h1><h4 style=\"padding-left: 40px;\"><strong><span style=\"text-decoration: underline;\"><span style=\"color: #0000ff; text-decoration: underline;\"><img decoding=\"async\" class=\"wp-image-3100 alignleft\" src=\"https:\/\/puets.ents.unam.mx\/wp-content\/uploads\/2024\/05\/solicitud.png\" alt=\"\" width=\"64\" height=\"85\" \/><br \/>Solicitud de constancia de estudios<\/span><\/span><\/strong><\/h4><p>\u00a0<\/p><p><span style=\"color: #000000;\"><strong><span class=\"wixui-rich-text__text\">Procedimiento:<\/span><\/strong><\/span><\/p><p class=\"font_8 wixui-rich-text__text\" style=\"padding-left: 40px;\"><span style=\"color: #000000;\"><span class=\"wixui-rich-text__text\"><strong>1.<\/strong>\u00a0<\/span><span class=\"wixui-rich-text__text\">Solicitar la constancia de estudios a la Secci\u00f3n Acad\u00e9mica de Servicios Escolares, v\u00eda correo electr\u00f3nico o presencial.<\/span><\/span><\/p><p class=\"font_8 wixui-rich-text__text\" style=\"padding-left: 40px;\"><span style=\"color: #000000;\"><span class=\"wixui-rich-text__text\"><strong>2.<\/strong>\u00a0<\/span><span class=\"wixui-rich-text__text\">Se requiere los siguientes datos: nombre completo, n\u00famero de cuenta, plan de estudios y generaci\u00f3n de ingreso a la especialidad.<\/span><\/span><\/p><p style=\"padding-left: 40px;\"><span style=\"color: #000000;\"><strong>3.<\/strong> <span class=\"wixui-rich-text__text\">La constancia se entrega de tres a cinco d\u00edas h\u00e1biles a partir del d\u00eda que se solicit\u00f3, en la Divisi\u00f3n de Estudios de Posgrado, ubicada en la Escuela Nacional de Trabajo Social, Edificio A primer piso, cub\u00edculo 1, de lunes a viernes de 9:30 a 14:30 y de 17:30 a 20:00 horas.<\/span><\/span><\/p>\t\t\t\t\t\t\t\t<\/div>\n\t\t\t\t<\/div>\n\t\t\t\t<\/div>\n\t\t\t\t<\/div>\n\t\t\t\t<\/div>\n\t\t","protected":false},"excerpt":{"rendered":"<p>Tr\u00e1mites administrativos Solicitud de constancia de estudios \u00a0 Procedimiento: 1.\u00a0Solicitar la constancia de estudios a la Secci\u00f3n Acad\u00e9mica de Servicios Escolares, v\u00eda correo electr\u00f3nico o presencial. 2.\u00a0Se requiere los siguientes datos: nombre completo, n\u00famero de cuenta, plan de estudios y generaci\u00f3n de ingreso a la especialidad. 3. La constancia se entrega de tres a cinco d\u00edas h\u00e1biles a partir del d\u00eda que se solicit\u00f3, en la Divisi\u00f3n de Estudios de Posgrado, ubicada en la Escuela Nacional de Trabajo Social, Edificio A primer piso, cub\u00edculo 1, de lunes a viernes de 9:30 a 14:30 y de 17:30 a 20:00 horas.<\/p>\n","protected":false},"author":1,"featured_media":0,"parent":0,"menu_order":0,"comment_status":"closed","ping_status":"closed","template":"","meta":{"_joinchat":[],"footnotes":""},"class_list":["post-3181","page","type-page","status-publish","hentry"],"_links":{"self":[{"href":"https:\/\/puets.ents.unam.mx\/index.php?rest_route=\/wp\/v2\/pages\/3181","targetHints":{"allow":["GET"]}}],"collection":[{"href":"https:\/\/puets.ents.unam.mx\/index.php?rest_route=\/wp\/v2\/pages"}],"about":[{"href":"https:\/\/puets.ents.unam.mx\/index.php?rest_route=\/wp\/v2\/types\/page"}],"author":[{"embeddable":true,"href":"https:\/\/puets.ents.unam.mx\/index.php?rest_route=\/wp\/v2\/users\/1"}],"replies":[{"embeddable":true,"href":"https:\/\/puets.ents.unam.mx\/index.php?rest_route=%2Fwp%2Fv2%2Fcomments&post=3181"}],"version-history":[{"count":11,"href":"https:\/\/puets.ents.unam.mx\/index.php?rest_route=\/wp\/v2\/pages\/3181\/revisions"}],"predecessor-version":[{"id":4148,"href":"https:\/\/puets.ents.unam.mx\/index.php?rest_route=\/wp\/v2\/pages\/3181\/revisions\/4148"}],"wp:attachment":[{"href":"https:\/\/puets.ents.unam.mx\/index.php?rest_route=%2Fwp%2Fv2%2Fmedia&parent=3181"}],"curies":[{"name":"wp","href":"https:\/\/api.w.org\/{rel}","templated":true}]}}