{"id":2362,"date":"2024-04-24T12:13:15","date_gmt":"2024-04-24T12:13:15","guid":{"rendered":"https:\/\/192.168.6.37\/wordpress\/?page_id=2362"},"modified":"2024-09-10T19:53:21","modified_gmt":"2024-09-10T19:53:21","slug":"informe-academico","status":"publish","type":"page","link":"https:\/\/puets.ents.unam.mx\/?page_id=2362","title":{"rendered":"Informe acad\u00e9mico"},"content":{"rendered":"\t\t<div data-elementor-type=\"wp-page\" data-elementor-id=\"2362\" class=\"elementor elementor-2362\">\n\t\t\t\t<div class=\"elementor-element elementor-element-7ea4006 e-con-full e-flex wpr-particle-no wpr-jarallax-no wpr-parallax-no wpr-sticky-section-no e-con e-parent\" data-id=\"7ea4006\" data-element_type=\"container\" data-e-type=\"container\">\n\t\t<div class=\"elementor-element elementor-element-7f09007 e-con-full e-flex wpr-particle-no wpr-jarallax-no wpr-parallax-no wpr-sticky-section-no e-con e-child\" data-id=\"7f09007\" data-element_type=\"container\" data-e-type=\"container\">\n\t\t\t\t<div class=\"elementor-element elementor-element-c85dc77 elementor-widget elementor-widget-text-editor\" data-id=\"c85dc77\" data-element_type=\"widget\" data-e-type=\"widget\" data-widget_type=\"text-editor.default\">\n\t\t\t\t<div class=\"elementor-widget-container\">\n\t\t\t\t\t\t\t\t\t<h1 style=\"text-align: center;\"><strong><span class=\"wixui-rich-text__text\" style=\"color: #e3ab02;\">Informe acad\u00e9mico<br \/><\/span><\/strong><\/h1><div id=\"comp-lod5w50t\" class=\"HcOXKn c9GqVL QxJLC3 comp-lod5w50t wixui-rich-text\" data-testid=\"richTextElement\"><p class=\"font_8 wixui-rich-text__text\"><span class=\"wixui-rich-text__text\" style=\"color: #000000;\">Profesorado del Programa \u00danico de Especializaciones en Trabajo Social, con el prop\u00f3sito de dar cumplimiento a lo dispuesto en el inciso b) del Art\u00edculo 56 del Estatuto del Personal Acad\u00e9mico de la UNAM, referente a la presentaci\u00f3n del Informe de Actividades, solicitamos su amable colaboraci\u00f3n para el llenado del siguiente instrumento:<\/span><span style=\"color: #0000ff;\"><strong><span class=\"wixui-rich-text__text\"><br \/><\/span><\/strong><\/span><\/p><\/div><p>\u00a0<\/p>\t\t\t\t\t\t\t\t<\/div>\n\t\t\t\t<\/div>\n\t\t\t\t<\/div>\n\t\t\t\t<\/div>\n\t\t<div class=\"elementor-element elementor-element-11047cc e-grid e-con-full wpr-particle-no wpr-jarallax-no wpr-parallax-no wpr-sticky-section-no e-con e-parent\" data-id=\"11047cc\" data-element_type=\"container\" data-e-type=\"container\">\n\t\t\t\t<div class=\"elementor-element elementor-element-2dac96d elementor-widget elementor-widget-image\" data-id=\"2dac96d\" data-element_type=\"widget\" data-e-type=\"widget\" data-widget_type=\"image.default\">\n\t\t\t\t<div class=\"elementor-widget-container\">\n\t\t\t\t\t\t\t\t\t\t\t\t\t\t\t<img decoding=\"async\" width=\"218\" height=\"132\" src=\"https:\/\/puets.ents.unam.mx\/wp-content\/uploads\/2024\/05\/informe.png\" class=\"attachment-large size-large wp-image-3053\" alt=\"\" \/>\t\t\t\t\t\t\t\t\t\t\t\t\t\t\t<\/div>\n\t\t\t\t<\/div>\n\t\t\t\t<div class=\"elementor-element elementor-element-34a0ee7 elementor-widget elementor-widget-text-editor\" data-id=\"34a0ee7\" data-element_type=\"widget\" data-e-type=\"widget\" data-widget_type=\"text-editor.default\">\n\t\t\t\t<div class=\"elementor-widget-container\">\n\t\t\t\t\t\t\t\t\t<h5 style=\"text-align: left;\"><strong><span style=\"color: #0000ff;\">Informe acad\u00e9mico<\/span><\/strong><br \/><span style=\"color: #000000;\"><span class=\"wixui-rich-text__text\"><span class=\"color_15 wixui-rich-text__text\">Documento en formato word editable. <br \/><\/span><\/span><span class=\"wixui-rich-text__text\"><span class=\"color_15 wixui-rich-text__text\">Fecha de entrega:\u00a0<\/span><\/span><\/span><\/h5>\t\t\t\t\t\t\t\t<\/div>\n\t\t\t\t<\/div>\n\t\t\t\t<\/div>\n\t\t<div class=\"elementor-element elementor-element-c9cd82a e-con-full e-flex wpr-particle-no wpr-jarallax-no wpr-parallax-no wpr-sticky-section-no e-con e-parent\" data-id=\"c9cd82a\" data-element_type=\"container\" data-e-type=\"container\">\n\t\t\t\t<div class=\"elementor-element elementor-element-8d0014c elementor-align-center elementor-widget elementor-widget-button\" data-id=\"8d0014c\" data-element_type=\"widget\" data-e-type=\"widget\" data-widget_type=\"button.default\">\n\t\t\t\t<div class=\"elementor-widget-container\">\n\t\t\t\t\t\t\t\t\t<div class=\"elementor-button-wrapper\">\n\t\t\t\t\t<a class=\"elementor-button elementor-button-link elementor-size-sm\" href=\"#\">\n\t\t\t\t\t\t<span class=\"elementor-button-content-wrapper\">\n\t\t\t\t\t\t\t\t\t<span class=\"elementor-button-text\">Descargar<\/span>\n\t\t\t\t\t<\/span>\n\t\t\t\t\t<\/a>\n\t\t\t\t<\/div>\n\t\t\t\t\t\t\t\t<\/div>\n\t\t\t\t<\/div>\n\t\t\t\t<\/div>\n\t\t\t\t<\/div>\n\t\t","protected":false},"excerpt":{"rendered":"<p>Informe acad\u00e9mico Profesorado del Programa \u00danico de Especializaciones en Trabajo Social, con el prop\u00f3sito de dar cumplimiento a lo dispuesto en el inciso b) del Art\u00edculo 56 del Estatuto del Personal Acad\u00e9mico de la UNAM, referente a la presentaci\u00f3n del Informe de Actividades, solicitamos su amable colaboraci\u00f3n para el llenado del siguiente instrumento: \u00a0 Informe acad\u00e9micoDocumento en formato word editable. Fecha de entrega:\u00a0 Descargar<\/p>\n","protected":false},"author":1,"featured_media":0,"parent":2342,"menu_order":0,"comment_status":"closed","ping_status":"closed","template":"","meta":{"_joinchat":[],"footnotes":""},"class_list":["post-2362","page","type-page","status-publish","hentry"],"_links":{"self":[{"href":"https:\/\/puets.ents.unam.mx\/index.php?rest_route=\/wp\/v2\/pages\/2362","targetHints":{"allow":["GET"]}}],"collection":[{"href":"https:\/\/puets.ents.unam.mx\/index.php?rest_route=\/wp\/v2\/pages"}],"about":[{"href":"https:\/\/puets.ents.unam.mx\/index.php?rest_route=\/wp\/v2\/types\/page"}],"author":[{"embeddable":true,"href":"https:\/\/puets.ents.unam.mx\/index.php?rest_route=\/wp\/v2\/users\/1"}],"replies":[{"embeddable":true,"href":"https:\/\/puets.ents.unam.mx\/index.php?rest_route=%2Fwp%2Fv2%2Fcomments&post=2362"}],"version-history":[{"count":26,"href":"https:\/\/puets.ents.unam.mx\/index.php?rest_route=\/wp\/v2\/pages\/2362\/revisions"}],"predecessor-version":[{"id":5151,"href":"https:\/\/puets.ents.unam.mx\/index.php?rest_route=\/wp\/v2\/pages\/2362\/revisions\/5151"}],"up":[{"embeddable":true,"href":"https:\/\/puets.ents.unam.mx\/index.php?rest_route=\/wp\/v2\/pages\/2342"}],"wp:attachment":[{"href":"https:\/\/puets.ents.unam.mx\/index.php?rest_route=%2Fwp%2Fv2%2Fmedia&parent=2362"}],"curies":[{"name":"wp","href":"https:\/\/api.w.org\/{rel}","templated":true}]}}