{"id":2350,"date":"2024-04-24T12:11:46","date_gmt":"2024-04-24T12:11:46","guid":{"rendered":"https:\/\/192.168.6.37\/wordpress\/?page_id=2350"},"modified":"2024-09-17T16:09:28","modified_gmt":"2024-09-17T16:09:28","slug":"pepasig","status":"publish","type":"page","link":"https:\/\/puets.ents.unam.mx\/?page_id=2350","title":{"rendered":"PEPASIG"},"content":{"rendered":"\t\t<div data-elementor-type=\"wp-page\" data-elementor-id=\"2350\" class=\"elementor elementor-2350\">\n\t\t\t\t<div class=\"elementor-element elementor-element-93e5236 e-con-full e-flex wpr-particle-no wpr-jarallax-no wpr-parallax-no wpr-sticky-section-no e-con e-parent\" data-id=\"93e5236\" data-element_type=\"container\" data-e-type=\"container\">\n\t\t<div class=\"elementor-element elementor-element-f8dea05 e-con-full e-flex wpr-particle-no wpr-jarallax-no wpr-parallax-no wpr-sticky-section-no e-con e-child\" data-id=\"f8dea05\" data-element_type=\"container\" data-e-type=\"container\">\n\t\t\t\t<div class=\"elementor-element elementor-element-1d42d8e elementor-widget elementor-widget-text-editor\" data-id=\"1d42d8e\" data-element_type=\"widget\" data-e-type=\"widget\" data-widget_type=\"text-editor.default\">\n\t\t\t\t<div class=\"elementor-widget-container\">\n\t\t\t\t\t\t\t\t\t<h1 style=\"text-align: center;\"><strong><span class=\"wixui-rich-text__text\" style=\"color: #e3ab02;\">Programa de Est\u00edmulos a la Productvidad y al Rendimiento del Personal Acad\u00e9mico de Asignatura (PEPASIG)<\/span><\/strong><\/h1>\t\t\t\t\t\t\t\t<\/div>\n\t\t\t\t<\/div>\n\t\t\t\t<div class=\"elementor-element elementor-element-e3ac1f3 elementor-align-center elementor-widget elementor-widget-button\" data-id=\"e3ac1f3\" data-element_type=\"widget\" data-e-type=\"widget\" data-widget_type=\"button.default\">\n\t\t\t\t<div class=\"elementor-widget-container\">\n\t\t\t\t\t\t\t\t\t<div class=\"elementor-button-wrapper\">\n\t\t\t\t\t<a class=\"elementor-button elementor-button-link elementor-size-sm\" href=\"#\">\n\t\t\t\t\t\t<span class=\"elementor-button-content-wrapper\">\n\t\t\t\t\t\t<span class=\"elementor-button-icon\">\n\t\t\t\t<svg aria-hidden=\"true\" class=\"e-font-icon-svg e-far-arrow-alt-circle-down\" viewBox=\"0 0 512 512\" xmlns=\"http:\/\/www.w3.org\/2000\/svg\"><path d=\"M256 8C119 8 8 119 8 256s111 248 248 248 248-111 248-248S393 8 256 8zm0 448c-110.5 0-200-89.5-200-200S145.5 56 256 56s200 89.5 200 200-89.5 200-200 200zm-32-316v116h-67c-10.7 0-16 12.9-8.5 20.5l99 99c4.7 4.7 12.3 4.7 17 0l99-99c7.6-7.6 2.2-20.5-8.5-20.5h-67V140c0-6.6-5.4-12-12-12h-40c-6.6 0-12 5.4-12 12z\"><\/path><\/svg>\t\t\t<\/span>\n\t\t\t\t\t\t\t\t\t<span class=\"elementor-button-text\">Convocatoria<\/span>\n\t\t\t\t\t<\/span>\n\t\t\t\t\t<\/a>\n\t\t\t\t<\/div>\n\t\t\t\t\t\t\t\t<\/div>\n\t\t\t\t<\/div>\n\t\t\t\t<\/div>\n\t\t\t\t<\/div>\n\t\t\t\t<section class=\"elementor-section elementor-top-section elementor-element elementor-element-24e3391 elementor-section-height-min-height elementor-section-items-top elementor-section-stretched elementor-section-boxed elementor-section-height-default wpr-particle-no wpr-jarallax-no wpr-parallax-no wpr-sticky-section-no\" data-id=\"24e3391\" data-element_type=\"section\" data-e-type=\"section\" data-settings=\"{&quot;stretch_section&quot;:&quot;section-stretched&quot;}\">\n\t\t\t\t\t\t<div class=\"elementor-container elementor-column-gap-wide\">\n\t\t\t\t\t<div class=\"elementor-column elementor-col-100 elementor-top-column elementor-element elementor-element-8321494\" data-id=\"8321494\" data-element_type=\"column\" data-e-type=\"column\">\n\t\t\t<div class=\"elementor-widget-wrap elementor-element-populated\">\n\t\t\t\t\t\t<div class=\"elementor-element elementor-element-98cbecf elementor-widget__width-initial elementor-widget elementor-widget-text-editor\" data-id=\"98cbecf\" data-element_type=\"widget\" data-e-type=\"widget\" data-widget_type=\"text-editor.default\">\n\t\t\t\t<div class=\"elementor-widget-container\">\n\t\t\t\t\t\t\t\t\t<h3 style=\"text-align: center;\"><span style=\"color: #0000ff;\">Consideraciones previas al registro<\/span><\/h3><ul><li>Utilizar de preferencia navegador Mozilla, Firefox o Google Chrome.<\/li><li>Tener al alcance su RFC con homoclave y su NIP (mismo que se encuentra en el tr\u00edptico que tiene asignado para calificar).<\/li><li>El proceso de ingreso y renovaci\u00f3n o permanencia es de car\u00e1cter individual, por lo que es obligaci\u00f3n del docente realizar el tr\u00e1mite completo en los tiempos establecidos en la Convocatoria.<\/li><li>La asignaci\u00f3n al programa est\u00e1 sujeta a un proceso de evaluaci\u00f3n acad\u00e9mica que valora el rendimiento y la productividad del profesorado. Las condiciones se establecen en la Convocatoria 2023.<\/li><li>El resguardo del comprobante de registro es responsabilidad del docente.<\/li><\/ul><div>\u00a0<\/div>\t\t\t\t\t\t\t\t<\/div>\n\t\t\t\t<\/div>\n\t\t\t\t<div class=\"elementor-element elementor-element-bb50f66 elementor-widget elementor-widget-text-editor\" data-id=\"bb50f66\" data-element_type=\"widget\" data-e-type=\"widget\" data-widget_type=\"text-editor.default\">\n\t\t\t\t<div class=\"elementor-widget-container\">\n\t\t\t\t\t\t\t\t\t<h4 style=\"text-align: center;\"><strong><span class=\"wixui-rich-text__text\" style=\"color: #0000ff;\"><br \/>Procedimiento<br \/><\/span><\/strong><\/h4><h5 class=\"font_8 wixui-rich-text__text\" style=\"padding-left: 40px;\"><span style=\"color: #000000;\"><span style=\"color: #ffc400;\"><strong><span class=\"wixui-rich-text__text\">Paso 1.<\/span><\/strong><\/span><span class=\"color_15 wixui-rich-text__text\"><span class=\"wixui-rich-text__text\"><span style=\"color: #ffc400;\"><strong>\u00a0<\/strong><\/span>Registro del tr\u00e1mite PEPASIG en la plataforma de la DGAPA<\/span><\/span><\/span><\/h5><h5 class=\"font_8 wixui-rich-text__text\" style=\"padding-left: 40px;\">\u00a0<\/h5><h5 style=\"padding-left: 40px;\"><img decoding=\"async\" class=\"alignleft wp-image-2989\" src=\"https:\/\/puets.ents.unam.mx\/wp-content\/uploads\/2024\/05\/vineta1.png\" alt=\"\" width=\"33\" height=\"48\" \/><span class=\"color_15 wixui-rich-text__text\" style=\"color: #000000;\"><span class=\"wixui-rich-text__text\">Ingrese a la p\u00e1gina electr\u00f3nica de la Direcci\u00f3n General de Asuntos del Personal Acad\u00e9mico (DGAPA) y realice su solicitud de inscripci\u00f3n o reinscripci\u00f3n al programa.<\/span><\/span><\/h5><h5 style=\"padding-left: 40px;\"><img decoding=\"async\" class=\"wp-image-2990 alignleft\" src=\"https:\/\/puets.ents.unam.mx\/wp-content\/uploads\/2024\/05\/vineta2.png\" alt=\"\" width=\"41\" height=\"47\" \/><span class=\"color_15 wixui-rich-text__text\"><span class=\"wixui-rich-text__text\"><span class=\"wixGuard wixui-rich-text__text\"><span style=\"color: #000000;\">Si <strong>efectu\u00f3<\/strong> su registro en el periodo 2024-I, s\u00f3lo descargue el formato que emite el sistema y guarde el archivo en la computadora o dispositivo USB.<\/span><\/span><\/span><\/span><\/h5><h5 style=\"padding-left: 40px;\"><img decoding=\"async\" class=\"alignleft wp-image-2991\" src=\"https:\/\/puets.ents.unam.mx\/wp-content\/uploads\/2024\/05\/vineta3.png\" alt=\"\" width=\"40\" height=\"48\" \/><span class=\"color_15 wixui-rich-text__text\" style=\"color: #000000;\"><span class=\"wixui-rich-text__text\">Si <strong>no efectu\u00f3<\/strong> el registro en el periodo 2024-1, lo podr\u00e1 realizar en este momento y el sistema le emitir\u00e1 el comprobante correspondiente al periodo 2024-2.<\/span><\/span><\/h5><h5 style=\"padding-left: 40px;\"><img loading=\"lazy\" decoding=\"async\" class=\"alignleft wp-image-2992\" src=\"https:\/\/puets.ents.unam.mx\/wp-content\/uploads\/2024\/05\/vineta4.png\" alt=\"\" width=\"46\" height=\"50\" \/><span class=\"color_15 wixui-rich-text__text\" style=\"color: #000000;\"><span class=\"wixui-rich-text__text\">En ambos casos, descargue y guarde el archivo.<\/span><\/span><\/h5><h5 class=\"font_8 wixui-rich-text__text\" style=\"padding-left: 40px;\"><span style=\"color: #ffc400;\"><strong><span class=\"wixui-rich-text__text\">Paso 2.<\/span><\/strong><\/span><span class=\"color_15 wixui-rich-text__text\"><span class=\"wixui-rich-text__text\"> <span style=\"color: #000000;\">Env\u00edo electr\u00f3nico de la solicitud a la ENTS.<br \/><\/span><\/span><\/span><\/h5><h5 style=\"padding-left: 40px;\"><img loading=\"lazy\" decoding=\"async\" class=\"wp-image-2989 alignleft\" src=\"https:\/\/puets.ents.unam.mx\/wp-content\/uploads\/2024\/05\/vineta1.png\" alt=\"\" width=\"31\" height=\"46\" \/><span style=\"color: #000000;\">Ingrese a la siguiente p\u00e1gina y responda el formulario.<br \/><br \/><\/span><\/h5><h5 style=\"padding-left: 40px;\"><span class=\"wixui-rich-text__text\" style=\"color: #000000;\"><span class=\"color_15 wixui-rich-text__text\"><img loading=\"lazy\" decoding=\"async\" class=\" wp-image-2990 alignleft\" src=\"https:\/\/puets.ents.unam.mx\/wp-content\/uploads\/2024\/05\/vineta2.png\" alt=\"\" width=\"46\" height=\"52\" \/>El formulario le permitir\u00e1 registrar las asignaturas (1 a 4 asignaturas) que imparte en el per\u00edodo escolar vigent<\/span><span class=\"color_15 wixui-rich-text__text\">e.<\/span><\/span><\/h5><h5 style=\"padding-left: 40px;\"><img decoding=\"async\" class=\"alignleft wp-image-2991\" src=\"https:\/\/puets.ents.unam.mx\/wp-content\/uploads\/2024\/05\/vineta3.png\" alt=\"\" width=\"40\" height=\"48\" \/><\/h5><div id=\"comp-lnv4bgk8\" class=\"HcOXKn c9GqVL QxJLC3 comp-lnv4bgk8 wixui-rich-text\" data-testid=\"richTextElement\"><h5 class=\"font_8 wixui-rich-text__text\"><span class=\"wixui-rich-text__text\" style=\"color: #000000;\"><span class=\"color_15 wixui-rich-text__text\">Al terminar de contestar el formulario tome en cuenta lo siguiente:<\/span><\/span><\/h5><\/div><div id=\"comp-lnv4gucb\" class=\"HcOXKn c9GqVL QxJLC3 comp-lnv4gucb wixui-rich-text\" data-testid=\"richTextElement\"><ul><li style=\"list-style-type: none;\"><ul><li style=\"list-style-type: none;\"><ul class=\"font_8 wixui-rich-text__text\"><li class=\"wixui-rich-text__text\"><h5 class=\"font_8 wixui-rich-text__text\"><span class=\"wixui-rich-text__text\" style=\"color: #000000;\"><span class=\"color_15 wixui-rich-text__text\">Si la solicitud que llen\u00f3 es de nuevo ingreso al programa PEPASIG, adjunte copia del t\u00edtulo de licenciatura, grado acad\u00e9mico o c\u00e9dula profesional del nivel de estudios reciente.<\/span><\/span><\/h5><\/li><li class=\"wixui-rich-text__text\"><h5 class=\"font_8 wixui-rich-text__text\"><span class=\"wixui-rich-text__text\" style=\"color: #000000;\"><span class=\"color_15 wixui-rich-text__text\">Si la solicitud es por renovaci\u00f3n al programa PEPASIG, y obtuvo un grado acad\u00e9mico actualmente, adjunte copia del comprobante de grado en el espacio indicado.<\/span><\/span><\/h5><\/li><li class=\"wixui-rich-text__text\"><h5 class=\"font_8 wixui-rich-text__text\"><span class=\"wixui-rich-text__text\" style=\"color: #000000;\"><span class=\"color_15 wixui-rich-text__text\">En caso de no contar con el t\u00edtulo de licenciatura o t\u00edtulo de grado acad\u00e9mico, adjunte la constancia de examen, siempre y cuando \u00e9sta no exceda de seis meses de expedici\u00f3n.<\/span><\/span><\/h5><\/li><li class=\"wixui-rich-text__text\"><h5 class=\"font_8 wixui-rich-text__text\"><span class=\"wixui-rich-text__text\" style=\"color: #000000;\"><span class=\"color_15 wixui-rich-text__text\">Anexe en el espacio indicado el comprobante de registro del PEPASIG emitido por la DGAPA en formato PDF. Por \u00faltimo, seleccione la opci\u00f3n \u201cenviar\u201d.\u00a0<\/span><\/span><\/h5><\/li><li class=\"wixui-rich-text__text\"><h5 class=\"font_8 wixui-rich-text__text\"><span class=\"wixui-rich-text__text\" style=\"color: #000000;\"><span class=\"color_15 wixui-rich-text__text\">No es necesario entregar de manera impresa el comprobante de registro.<\/span><\/span><\/h5><\/li><\/ul><\/li><\/ul><\/li><\/ul><h5 style=\"padding-left: 40px;\"><img loading=\"lazy\" decoding=\"async\" class=\"alignleft wp-image-2992\" src=\"https:\/\/puets.ents.unam.mx\/wp-content\/uploads\/2024\/05\/vineta4.png\" alt=\"\" width=\"45\" height=\"48\" \/><\/h5><\/div><h5 style=\"padding-left: 80px;\"><span class=\"wixui-rich-text__text\" style=\"color: #000000;\"><span class=\"color_15 wixui-rich-text__text\">Verifique que aparezca el mensaje de confirmaci\u00f3n.<\/span><\/span><\/h5>\t\t\t\t\t\t\t\t<\/div>\n\t\t\t\t<\/div>\n\t\t\t\t\t<\/div>\n\t\t<\/div>\n\t\t\t\t\t<\/div>\n\t\t<\/section>\n\t\t<div class=\"elementor-element elementor-element-7ffc8c3 e-con-full e-flex wpr-particle-no wpr-jarallax-no wpr-parallax-no wpr-sticky-section-no e-con e-parent\" data-id=\"7ffc8c3\" data-element_type=\"container\" data-e-type=\"container\">\n\t\t\t\t<div class=\"elementor-element elementor-element-1b93ceb elementor-widget__width-initial elementor-widget elementor-widget-text-editor\" data-id=\"1b93ceb\" data-element_type=\"widget\" data-e-type=\"widget\" data-widget_type=\"text-editor.default\">\n\t\t\t\t<div class=\"elementor-widget-container\">\n\t\t\t\t\t\t\t\t\t<h5 style=\"text-align: center;\"><span style=\"color: #0000ff;\"><em><span style=\"color: #000000;\">NOTA IMPORTANTE<\/span><\/em><\/span><\/h5><p>Para efectos del est\u00edmulo PEPASIG; si el t\u00edtulo de licenciatura o de grado fue emitido por una instituci\u00f3n extranjera, deber\u00e1 solicitar el aval del documento ante el H. Consejo T\u00e9cnico de la ENTS<\/p><div>\u00a0<\/div>\t\t\t\t\t\t\t\t<\/div>\n\t\t\t\t<\/div>\n\t\t\t\t<\/div>\n\t\t<div class=\"elementor-element elementor-element-7b0c192 e-con-full e-flex wpr-particle-no wpr-jarallax-no wpr-parallax-no wpr-sticky-section-no e-con e-parent\" data-id=\"7b0c192\" data-element_type=\"container\" data-e-type=\"container\">\n\t\t<div class=\"elementor-element elementor-element-4a4cd01 e-con-full e-flex wpr-particle-no wpr-jarallax-no wpr-parallax-no wpr-sticky-section-no e-con e-child\" data-id=\"4a4cd01\" data-element_type=\"container\" data-e-type=\"container\">\n\t\t<div class=\"elementor-element elementor-element-0c48858 e-con-full e-flex wpr-particle-no wpr-jarallax-no wpr-parallax-no wpr-sticky-section-no e-con e-child\" data-id=\"0c48858\" data-element_type=\"container\" data-e-type=\"container\">\n\t\t\t\t<div class=\"elementor-element elementor-element-8b3f9e0 elementor-view-default elementor-widget elementor-widget-icon\" data-id=\"8b3f9e0\" data-element_type=\"widget\" data-e-type=\"widget\" data-widget_type=\"icon.default\">\n\t\t\t\t<div class=\"elementor-widget-container\">\n\t\t\t\t\t\t\t<div class=\"elementor-icon-wrapper\">\n\t\t\t<div class=\"elementor-icon\">\n\t\t\t<svg aria-hidden=\"true\" class=\"e-font-icon-svg e-fas-tools\" viewBox=\"0 0 512 512\" xmlns=\"http:\/\/www.w3.org\/2000\/svg\"><path d=\"M501.1 395.7L384 278.6c-23.1-23.1-57.6-27.6-85.4-13.9L192 158.1V96L64 0 0 64l96 128h62.1l106.6 106.6c-13.6 27.8-9.2 62.3 13.9 85.4l117.1 117.1c14.6 14.6 38.2 14.6 52.7 0l52.7-52.7c14.5-14.6 14.5-38.2 0-52.7zM331.7 225c28.3 0 54.9 11 74.9 31l19.4 19.4c15.8-6.9 30.8-16.5 43.8-29.5 37.1-37.1 49.7-89.3 37.9-136.7-2.2-9-13.5-12.1-20.1-5.5l-74.4 74.4-67.9-11.3L334 98.9l74.4-74.4c6.6-6.6 3.4-17.9-5.7-20.2-47.4-11.7-99.6.9-136.6 37.9-28.5 28.5-41.9 66.1-41.2 103.6l82.1 82.1c8.1-1.9 16.5-2.9 24.7-2.9zm-103.9 82l-56.7-56.7L18.7 402.8c-25 25-25 65.5 0 90.5s65.5 25 90.5 0l123.6-123.6c-7.6-19.9-9.9-41.6-5-62.7zM64 472c-13.2 0-24-10.8-24-24 0-13.3 10.7-24 24-24s24 10.7 24 24c0 13.2-10.7 24-24 24z\"><\/path><\/svg>\t\t\t<\/div>\n\t\t<\/div>\n\t\t\t\t\t\t<\/div>\n\t\t\t\t<\/div>\n\t\t\t\t<div class=\"elementor-element elementor-element-c77e615 elementor-widget elementor-widget-text-editor\" data-id=\"c77e615\" data-element_type=\"widget\" data-e-type=\"widget\" data-widget_type=\"text-editor.default\">\n\t\t\t\t<div class=\"elementor-widget-container\">\n\t\t\t\t\t\t\t\t\t<p>En caso de dificultad con la plataforma de la DGAPA<br \/>Envi\u00e9 un correo electr\u00f3nico explicando la situaci\u00f3n presentada a: estimulos@ents.unam.mx anotando los siguientes datos:<\/p><ul><li>N\u00famero de empleado<\/li><li>RFC<\/li><li>Nombre completo (empezando por apellidos)<\/li><li>Grado acad\u00e9mico<\/li><li>Correo electr\u00f3nico.<\/li><\/ul>\t\t\t\t\t\t\t\t<\/div>\n\t\t\t\t<\/div>\n\t\t\t\t<\/div>\n\t\t\t\t<\/div>\n\t\t<div class=\"elementor-element elementor-element-7f25671 e-con-full e-flex wpr-particle-no wpr-jarallax-no wpr-parallax-no wpr-sticky-section-no e-con e-child\" data-id=\"7f25671\" data-element_type=\"container\" data-e-type=\"container\">\n\t\t<div class=\"elementor-element elementor-element-19d8f45 e-con-full e-flex wpr-particle-no wpr-jarallax-no wpr-parallax-no wpr-sticky-section-no e-con e-child\" data-id=\"19d8f45\" data-element_type=\"container\" data-e-type=\"container\">\n\t\t<div class=\"elementor-element elementor-element-e5cae4a e-con-full e-flex wpr-particle-no wpr-jarallax-no wpr-parallax-no wpr-sticky-section-no e-con e-child\" data-id=\"e5cae4a\" data-element_type=\"container\" data-e-type=\"container\">\n\t\t\t\t<div class=\"elementor-element elementor-element-ab72306 elementor-view-default elementor-widget elementor-widget-icon\" data-id=\"ab72306\" data-element_type=\"widget\" data-e-type=\"widget\" data-widget_type=\"icon.default\">\n\t\t\t\t<div class=\"elementor-widget-container\">\n\t\t\t\t\t\t\t<div class=\"elementor-icon-wrapper\">\n\t\t\t<div class=\"elementor-icon\">\n\t\t\t<svg aria-hidden=\"true\" class=\"e-font-icon-svg e-far-question-circle\" viewBox=\"0 0 512 512\" xmlns=\"http:\/\/www.w3.org\/2000\/svg\"><path d=\"M256 8C119.043 8 8 119.083 8 256c0 136.997 111.043 248 248 248s248-111.003 248-248C504 119.083 392.957 8 256 8zm0 448c-110.532 0-200-89.431-200-200 0-110.495 89.472-200 200-200 110.491 0 200 89.471 200 200 0 110.53-89.431 200-200 200zm107.244-255.2c0 67.052-72.421 68.084-72.421 92.863V300c0 6.627-5.373 12-12 12h-45.647c-6.627 0-12-5.373-12-12v-8.659c0-35.745 27.1-50.034 47.579-61.516 17.561-9.845 28.324-16.541 28.324-29.579 0-17.246-21.999-28.693-39.784-28.693-23.189 0-33.894 10.977-48.942 29.969-4.057 5.12-11.46 6.071-16.666 2.124l-27.824-21.098c-5.107-3.872-6.251-11.066-2.644-16.363C184.846 131.491 214.94 112 261.794 112c49.071 0 101.45 38.304 101.45 88.8zM298 368c0 23.159-18.841 42-42 42s-42-18.841-42-42 18.841-42 42-42 42 18.841 42 42z\"><\/path><\/svg>\t\t\t<\/div>\n\t\t<\/div>\n\t\t\t\t\t\t<\/div>\n\t\t\t\t<\/div>\n\t\t\t\t<div class=\"elementor-element elementor-element-129ffd6 elementor-widget elementor-widget-text-editor\" data-id=\"129ffd6\" data-element_type=\"widget\" data-e-type=\"widget\" data-widget_type=\"text-editor.default\">\n\t\t\t\t<div class=\"elementor-widget-container\">\n\t\t\t\t\t\t\t\t\t<h5 style=\"text-align: center;\"><span style=\"color: #000000;\">Ante dudas sobre el proceso de registro<\/span><\/h5><p>Comunicarse v\u00eda correo electr\u00f3nico con la Lic. Griselda Trujillo Cede\u00f1o, Jefa del Departamento de Apoyo a Programas y Proyectos Institucionales de la Secretar\u00eda General de la ENTS:<br \/>E-MAIL: estimulos@ents.unam.mx<\/p>\t\t\t\t\t\t\t\t<\/div>\n\t\t\t\t<\/div>\n\t\t\t\t<\/div>\n\t\t\t\t<\/div>\n\t\t\t\t<\/div>\n\t\t\t\t<\/div>\n\t\t\t\t<\/div>\n\t\t","protected":false},"excerpt":{"rendered":"<p>Programa de Est\u00edmulos a la Productvidad y al Rendimiento del Personal Acad\u00e9mico de Asignatura (PEPASIG) Convocatoria Consideraciones previas al registro Utilizar de preferencia navegador Mozilla, Firefox o Google Chrome. Tener al alcance su RFC con homoclave y su NIP (mismo que se encuentra en el tr\u00edptico que tiene asignado para calificar). El proceso de ingreso y renovaci\u00f3n o permanencia es de car\u00e1cter individual, por lo que es obligaci\u00f3n del docente realizar el tr\u00e1mite completo en los tiempos establecidos en la Convocatoria. La asignaci\u00f3n al programa est\u00e1 sujeta a un proceso de evaluaci\u00f3n acad\u00e9mica que valora el rendimiento y la productividad del profesorado. Las condiciones se establecen en la Convocatoria 2023. El resguardo del comprobante de registro es responsabilidad del docente. \u00a0 Procedimiento Paso 1.\u00a0Registro del tr\u00e1mite PEPASIG en la plataforma de la DGAPA \u00a0 Ingrese a la p\u00e1gina electr\u00f3nica de la Direcci\u00f3n General de Asuntos del Personal Acad\u00e9mico (DGAPA) y realice su solicitud de inscripci\u00f3n o reinscripci\u00f3n al programa. Si efectu\u00f3 su registro en el periodo 2024-I, s\u00f3lo descargue el formato que emite el sistema y guarde el archivo en la computadora o dispositivo USB. Si no efectu\u00f3 el registro en el periodo 2024-1, lo podr\u00e1 realizar en este momento y el sistema le emitir\u00e1 el comprobante correspondiente al periodo 2024-2. En ambos casos, descargue y guarde el archivo. Paso 2. Env\u00edo electr\u00f3nico de la solicitud a la ENTS. Ingrese a la siguiente p\u00e1gina y responda el formulario. El formulario le permitir\u00e1 registrar las asignaturas (1 a 4 asignaturas) que imparte en el per\u00edodo escolar vigente. Al terminar de contestar el formulario tome en cuenta lo siguiente: Si la solicitud que llen\u00f3 es de nuevo ingreso al programa PEPASIG, adjunte copia del t\u00edtulo de licenciatura, grado acad\u00e9mico o c\u00e9dula profesional del nivel de estudios reciente. Si la solicitud es por renovaci\u00f3n al programa PEPASIG, y obtuvo un grado acad\u00e9mico actualmente, adjunte copia del comprobante de grado en el espacio indicado. En caso de no contar con el t\u00edtulo de licenciatura o t\u00edtulo de grado acad\u00e9mico, adjunte la constancia de examen, siempre y cuando \u00e9sta no exceda de seis meses de expedici\u00f3n. Anexe en el espacio indicado el comprobante de registro del PEPASIG emitido por la DGAPA en formato PDF. Por \u00faltimo, seleccione la opci\u00f3n \u201cenviar\u201d.\u00a0 No es necesario entregar de manera impresa el comprobante de registro. Verifique que aparezca el mensaje de confirmaci\u00f3n. NOTA IMPORTANTE Para efectos del est\u00edmulo PEPASIG; si el t\u00edtulo de licenciatura o de grado fue emitido por una instituci\u00f3n extranjera, deber\u00e1 solicitar el aval del documento ante el H. Consejo T\u00e9cnico de la ENTS \u00a0 En caso de dificultad con la plataforma de la DGAPAEnvi\u00e9 un correo electr\u00f3nico explicando la situaci\u00f3n presentada a: estimulos@ents.unam.mx anotando los siguientes datos: N\u00famero de empleado RFC Nombre completo (empezando por apellidos) Grado acad\u00e9mico Correo electr\u00f3nico. Ante dudas sobre el proceso de registro Comunicarse v\u00eda correo electr\u00f3nico con la Lic. Griselda Trujillo Cede\u00f1o, Jefa del Departamento de Apoyo a Programas y Proyectos Institucionales de la Secretar\u00eda General de la ENTS:E-MAIL: estimulos@ents.unam.mx<\/p>\n","protected":false},"author":1,"featured_media":0,"parent":2342,"menu_order":0,"comment_status":"closed","ping_status":"closed","template":"","meta":{"_joinchat":[],"footnotes":""},"class_list":["post-2350","page","type-page","status-publish","hentry"],"_links":{"self":[{"href":"https:\/\/puets.ents.unam.mx\/index.php?rest_route=\/wp\/v2\/pages\/2350","targetHints":{"allow":["GET"]}}],"collection":[{"href":"https:\/\/puets.ents.unam.mx\/index.php?rest_route=\/wp\/v2\/pages"}],"about":[{"href":"https:\/\/puets.ents.unam.mx\/index.php?rest_route=\/wp\/v2\/types\/page"}],"author":[{"embeddable":true,"href":"https:\/\/puets.ents.unam.mx\/index.php?rest_route=\/wp\/v2\/users\/1"}],"replies":[{"embeddable":true,"href":"https:\/\/puets.ents.unam.mx\/index.php?rest_route=%2Fwp%2Fv2%2Fcomments&post=2350"}],"version-history":[{"count":74,"href":"https:\/\/puets.ents.unam.mx\/index.php?rest_route=\/wp\/v2\/pages\/2350\/revisions"}],"predecessor-version":[{"id":5657,"href":"https:\/\/puets.ents.unam.mx\/index.php?rest_route=\/wp\/v2\/pages\/2350\/revisions\/5657"}],"up":[{"embeddable":true,"href":"https:\/\/puets.ents.unam.mx\/index.php?rest_route=\/wp\/v2\/pages\/2342"}],"wp:attachment":[{"href":"https:\/\/puets.ents.unam.mx\/index.php?rest_route=%2Fwp%2Fv2%2Fmedia&parent=2350"}],"curies":[{"name":"wp","href":"https:\/\/api.w.org\/{rel}","templated":true}]}}